{"id":1569,"date":"2022-07-15T10:41:44","date_gmt":"2022-07-15T10:41:44","guid":{"rendered":"https:\/\/demo.athemes.com\/sydney-lms\/?page_id=1569"},"modified":"2024-06-05T10:12:21","modified_gmt":"2024-06-05T10:12:21","slug":"all-courses","status":"publish","type":"page","link":"https:\/\/osmanaykutozalp.com\/index.php\/all-courses\/","title":{"rendered":"Courses"},"content":{"rendered":"\t\t<div data-elementor-type=\"wp-page\" data-elementor-id=\"1569\" class=\"elementor elementor-1569\">\n\t\t\t\t\t\t<section class=\"elementor-section elementor-top-section elementor-element elementor-element-ce45337 page-banner elementor-section-boxed elementor-section-height-default elementor-section-height-default\" data-id=\"ce45337\" data-element_type=\"section\" data-settings=\"{&quot;background_background&quot;:&quot;classic&quot;}\">\n\t\t\t\t\t\t\t<div class=\"elementor-background-overlay\"><\/div>\n\t\t\t\t\t\t\t<div class=\"elementor-container elementor-column-gap-default\">\n\t\t\t\t\t<div class=\"elementor-column elementor-col-100 elementor-top-column elementor-element elementor-element-6c242ed\" data-id=\"6c242ed\" data-element_type=\"column\">\n\t\t\t<div class=\"elementor-widget-wrap elementor-element-populated\">\n\t\t\t\t\t\t<div class=\"elementor-element elementor-element-7e5353b elementor-widget elementor-widget-heading\" data-id=\"7e5353b\" data-element_type=\"widget\" data-widget_type=\"heading.default\">\n\t\t\t\t<div class=\"elementor-widget-container\">\n\t\t\t\t\t<h1 class=\"elementor-heading-title elementor-size-default\">Kurslar<\/h1>\t\t\t\t<\/div>\n\t\t\t\t<\/div>\n\t\t\t\t<div class=\"elementor-element elementor-element-f79f27c elementor-widget__width-initial elementor-widget elementor-widget-text-editor\" data-id=\"f79f27c\" data-element_type=\"widget\" data-widget_type=\"text-editor.default\">\n\t\t\t\t<div class=\"elementor-widget-container\">\n\t\t\t\t\t\t\t\t\t<p>Kurslar\u0131 g\u00f6r\u00fcnt\u00fcleyip kendinize uygun olan\u0131 se\u00e7ip ileti\u015fime ge\u00e7ebilirsiniz.<\/p>\t\t\t\t\t\t\t\t<\/div>\n\t\t\t\t<\/div>\n\t\t\t\t\t<\/div>\n\t\t<\/div>\n\t\t\t\t\t<\/div>\n\t\t<\/section>\n\t\t<div class=\"elementor-element elementor-element-6ecb1bb e-flex e-con-boxed e-con e-parent\" data-id=\"6ecb1bb\" data-element_type=\"container\">\n\t\t\t\t\t<div class=\"e-con-inner\">\n\t\t\t\t<div class=\"elementor-element elementor-element-d13eb30 elementor-widget elementor-widget-heading\" data-id=\"d13eb30\" data-element_type=\"widget\" data-widget_type=\"heading.default\">\n\t\t\t\t<div class=\"elementor-widget-container\">\n\t\t\t\t\t<h2 class=\"elementor-heading-title elementor-size-default\">Trend Kurslar<\/h2>\t\t\t\t<\/div>\n\t\t\t\t<\/div>\n\t\t\t\t<div class=\"elementor-element elementor-element-c79ed0b elementor-widget elementor-widget-athemes-employee-carousel\" data-id=\"c79ed0b\" data-element_type=\"widget\" data-widget_type=\"athemes-employee-carousel.default\">\n\t\t\t\t<div class=\"elementor-widget-container\">\n\t\t\t\t\t\n\t\t<div class=\"roll-team carousel owl-carousel\" data-widgetid=\"employees-\">\n\t\t\t\t\t\t\t\t\t\t<div class=\"team-item\">\n\t\t\t    <div class=\"team-inner\">\n\t\t\t        <div class=\"pop-overlay\">\n\t\t\t            <div class=\"team-pop\">\n\t\t\t                <div class=\"team-info\">\n\t\t\t\t\t\t\t\t<div class=\"name\">Bireysel Dan\u0131\u015fmanl\u0131k<\/div>\n\t\t\t\t\t\t\t\t<div class=\"pos\">Sizin i\u00e7in bireysel dan\u0131\u015fmanl\u0131k hizmeti<\/div>\n\t\t\t\t\t\t\t\t<ul class=\"team-social\">\n\t\t\t\t\t\t\t\t\t\t\t\t\t\t\t\t\t\t\t\t\t\t\t\t\t\t\t\t\t\t\t\t\t\t\t<\/ul>\n\t\t\t                <\/div>\n\t\t\t            <\/div>\n\t\t\t        <\/div>\n\t\t\t\t\t\t\t\t\t\t<div class=\"avatar\">\n\t\t\t\t\t\t<img decoding=\"async\" src=\"https:\/\/osmanaykutozalp.com\/wp-content\/uploads\/2024\/05\/online-course-3465489-2932182.png\" alt=\"online-course-3465489-2932182\"\/>\n\t\t\t\t\t<\/div>\n\t\t\t\t\t\t\t\t    <\/div>\n\t\t\t    <div class=\"team-content\">\n\t\t\t        <div class=\"name\">\n\t\t\t        \t\t\t\t        \t\tBireysel Dan\u0131\u015fmanl\u0131k\t\t\t        \t\t\t\t        <\/div>\n\t\t\t        <div class=\"pos\">Sizin i\u00e7in bireysel dan\u0131\u015fmanl\u0131k hizmeti<\/div>\n\t\t\t    <\/div>\n\t\t\t<\/div><!-- \/.team-item -->\n\n\t\t\t\t\t\t\t\t\t\t<div class=\"team-item\">\n\t\t\t    <div class=\"team-inner\">\n\t\t\t        <div class=\"pop-overlay\">\n\t\t\t            <div class=\"team-pop\">\n\t\t\t                <div class=\"team-info\">\n\t\t\t\t\t\t\t\t<div class=\"name\">Ki\u015fisel Geli\u015fim Ko\u00e7lu\u011fu<\/div>\n\t\t\t\t\t\t\t\t<div class=\"pos\">Ki\u015fisel geli\u015fiminiz i\u00e7in dan\u0131\u015fmanl\u0131k de\u011fitimi<\/div>\n\t\t\t\t\t\t\t\t<ul class=\"team-social\">\n\t\t\t\t\t\t\t\t\t\t\t\t\t\t\t\t\t\t\t\t\t\t\t\t\t\t\t\t\t\t\t\t\t\t\t<\/ul>\n\t\t\t                <\/div>\n\t\t\t            <\/div>\n\t\t\t        <\/div>\n\t\t\t\t\t\t\t\t\t\t<div class=\"avatar\">\n\t\t\t\t\t\t<img decoding=\"async\" src=\"https:\/\/osmanaykutozalp.com\/wp-content\/uploads\/2024\/05\/online-course-3465489-2932182.png\" alt=\"online-course-3465489-2932182\"\/>\n\t\t\t\t\t<\/div>\n\t\t\t\t\t\t\t\t    <\/div>\n\t\t\t    <div class=\"team-content\">\n\t\t\t        <div class=\"name\">\n\t\t\t        \t\t\t\t        \t\tKi\u015fisel Geli\u015fim Ko\u00e7lu\u011fu\t\t\t        \t\t\t\t        <\/div>\n\t\t\t        <div class=\"pos\">Ki\u015fisel geli\u015fiminiz i\u00e7in dan\u0131\u015fmanl\u0131k de\u011fitimi<\/div>\n\t\t\t    <\/div>\n\t\t\t<\/div><!-- \/.team-item -->\n\n\t\t\t\t\t\t\t\t\t\t<div class=\"team-item\">\n\t\t\t    <div class=\"team-inner\">\n\t\t\t        <div class=\"pop-overlay\">\n\t\t\t            <div class=\"team-pop\">\n\t\t\t                <div class=\"team-info\">\n\t\t\t\t\t\t\t\t<div class=\"name\">\u015eirket E\u011fitimleri<\/div>\n\t\t\t\t\t\t\t\t<div class=\"pos\">\u015eirket geli\u015fiminiz i\u00e7in dan\u0131\u015fmanl\u0131k hizmeti<\/div>\n\t\t\t\t\t\t\t\t<ul class=\"team-social\">\n\t\t\t\t\t\t\t\t\t\t\t\t\t\t\t\t\t\t\t\t\t\t\t\t\t\t\t\t\t\t\t\t\t\t\t<\/ul>\n\t\t\t                <\/div>\n\t\t\t            <\/div>\n\t\t\t        <\/div>\n\t\t\t\t\t\t\t\t\t\t<div class=\"avatar\">\n\t\t\t\t\t\t<img decoding=\"async\" src=\"https:\/\/osmanaykutozalp.com\/wp-content\/uploads\/2024\/05\/online-course-3465489-2932182.png\" alt=\"online-course-3465489-2932182\"\/>\n\t\t\t\t\t<\/div>\n\t\t\t\t\t\t\t\t    <\/div>\n\t\t\t    <div class=\"team-content\">\n\t\t\t        <div class=\"name\">\n\t\t\t        \t\t\t\t        \t\t\u015eirket E\u011fitimleri\t\t\t        \t\t\t\t        <\/div>\n\t\t\t        <div class=\"pos\">\u015eirket geli\u015fiminiz i\u00e7in dan\u0131\u015fmanl\u0131k hizmeti<\/div>\n\t\t\t    <\/div>\n\t\t\t<\/div><!-- \/.team-item -->\n\n\t\t\t\t\t<\/div>\n\t\t\t\t\n\t\t\t\t\t\t<\/div>\n\t\t\t\t<\/div>\n\t\t\t\t\t<\/div>\n\t\t\t\t<\/div>\n\t\t\t\t<\/div>\n\t\t","protected":false},"excerpt":{"rendered":"<p>Kurslar Kurslar\u0131 g\u00f6r\u00fcnt\u00fcleyip kendinize uygun olan\u0131 se\u00e7ip ileti\u015fime ge\u00e7ebilirsiniz. Trend Kurslar Bireysel Dan\u0131\u015fmanl\u0131k Sizin i\u00e7in bireysel dan\u0131\u015fmanl\u0131k hizmeti Bireysel Dan\u0131\u015fmanl\u0131k Sizin i\u00e7in [&hellip;]<\/p>\n","protected":false},"author":1,"featured_media":0,"parent":0,"menu_order":0,"comment_status":"closed","ping_status":"closed","template":"page-templates\/page_front-page.php","meta":{"footnotes":""},"class_list":["post-1569","page","type-page","status-publish","hentry"],"_links":{"self":[{"href":"https:\/\/osmanaykutozalp.com\/index.php\/wp-json\/wp\/v2\/pages\/1569","targetHints":{"allow":["GET"]}}],"collection":[{"href":"https:\/\/osmanaykutozalp.com\/index.php\/wp-json\/wp\/v2\/pages"}],"about":[{"href":"https:\/\/osmanaykutozalp.com\/index.php\/wp-json\/wp\/v2\/types\/page"}],"author":[{"embeddable":true,"href":"https:\/\/osmanaykutozalp.com\/index.php\/wp-json\/wp\/v2\/users\/1"}],"replies":[{"embeddable":true,"href":"https:\/\/osmanaykutozalp.com\/index.php\/wp-json\/wp\/v2\/comments?post=1569"}],"version-history":[{"count":21,"href":"https:\/\/osmanaykutozalp.com\/index.php\/wp-json\/wp\/v2\/pages\/1569\/revisions"}],"predecessor-version":[{"id":2031,"href":"https:\/\/osmanaykutozalp.com\/index.php\/wp-json\/wp\/v2\/pages\/1569\/revisions\/2031"}],"wp:attachment":[{"href":"https:\/\/osmanaykutozalp.com\/index.php\/wp-json\/wp\/v2\/media?parent=1569"}],"curies":[{"name":"wp","href":"https:\/\/api.w.org\/{rel}","templated":true}]}}