{"id":1757,"date":"2024-04-06T10:37:19","date_gmt":"2024-04-06T10:37:19","guid":{"rendered":"https:\/\/osmanaykutozalp.com\/?page_id=1757"},"modified":"2024-07-14T14:59:44","modified_gmt":"2024-07-14T14:59:44","slug":"blog-2","status":"publish","type":"page","link":"https:\/\/osmanaykutozalp.com\/index.php\/blog-2\/","title":{"rendered":"Blog"},"content":{"rendered":"<style type=\"text\/css\">\n\t\/**\n\t * Table of Contents\n\t *\n\t * 1.0 - Pagination\n\t * 2.0 - Social Media Icon\n\t * 3.0 - Default Blog Template\n\t * 4.0 - Classical Template\n\t * 5.0 - Light Breeze Template\n\t * 6.0 - Spektrum Template\n\t * 7.0 - Evolution Template\n\t * 8.0 - Timeline Template\n\t * 9.0 - News Template\n\t * 10.0 - Sallet Template\n\t * 11.0 - Media Grid Template\n\t * 12.0 - Crayon Slider Template\n\t * 13.0 - Blog-Carousel Template\n\t * 14.0 - Blog-Grid-Box Template\n\t * 15.0 - Ticker Template\n\t *\n\t *\/\n\t\/**\n\t * 1.0 - Pagination\n\t *\/\n\t.bdp-load-more a.button.bdp-load-more-btn {\n\t\tbackground-color: #2e93ea;\t\tcolor: #cecece;\t\tfont-size:14px;\t}\n\t.bd_pagination_box.wl_pagination_box .paging-navigation ul.page-numbers li a.page-numbers:hover,\n\t.bd_pagination_box.wl_pagination_box .paging-navigation ul.page-numbers li > span.current {\n\t\tbackground-color: #2e93ea;\t\tcolor: #cecece;\t\tfont-size:14px;\t}\n\t.bd_pagination_box.wl_pagination_box .paging-navigation ul.page-numbers li a.page-numbers {\n\t\tbackground-color: #cecece;\t\tcolor: #2e93ea;\t\tfont-size:14px;\t}\n\t.bd_pagination_box.wl_pagination_box .paging-navigation ul.page-numbers li a.page-numbers.dots {\n\t\tfont-size:14px !important;\t}\n\t\/**\n\t * 2.0 - Social Media Icon\n\t *\/    \n\t.blog_template .social-component a {\n\t\t\t}\n\t\/**\n\t * Post Title Setting\n\t *\/\n\t.bdp_blog_template .blog_header h2 a span,\n    .bdp_blog_template .bd-blog-header h2 a span,\n\t.glossary .blog_header h2 a span,\n\t.bdp_blog_template.media-grid .blog_header h2 a span,\n\t.bdp_blog_template.timeline .desc h3 a span,\n\t.blog_template.blog-grid-box h2.post_title a span{\n\t\t\t\t\t\t\t\tword-break : normal;\n\t\t\t\t\t\n\t}\n\n\t\/**\n\t * 3.0 - Default Blog Template\n\t *\/\n\t\t\t\/* .bdp_blog_template.nicy .blog_header h2, *\/\n\t\t.blog_template.sallet_slider h2,\n\t\t.blog_template.crayon_slider .blog_header h2,\n\t\t.glossary .blog_header h2,\n\t\t.bdp_blog_template .bd-blog-header h2 {        \n\t\t\tbackground: #ffffff\t\t}\n\t\t.blog_template .bd-more-tag-inline {\n\t\tcolor: #cecece !important;\t\tfont-size:14px;\t}\n\t\t\t.bdp_blog_template .blog_header h2 a,\n\t\t.bdp_blog_template .bd-blog-header h2 a,\n\t\t.bdp_blog_template .bd_ad_container h4 {\n\t\t\tcolor: #222222 !important;\t\t\tfont-size: 30px;\t\t\tbackground-color: #ffffff !important;\n\t\t}\n\t\t.bdp_blog_template .blog_header h2,\n\t\t.bdp_blog_template .bd-blog-header h2,\n\t\t.blog_template .bd_ad_container h4 {\n\t\t\tfont-size: 30px;\t\t}\n\t\t.post_content-inner p,\n\t.bd-post-content {\n\t\tcolor:#999999;\t\tfont-size:14px;\t}\n\t.bdp_blog_template .bd-metacats,\n\t.bd-tags,\n\tspan.bd-category-link,\n\t.bdp_blog_template .author,\n\t.bdp_blog_template .date,\n\t.bdp_blog_template .bd-categories,\n\t.bdp_blog_template.evolution .bd-categories a,\n\t.bdp_blog_template .bd-categories a,\n\t.bd-meta-data-box .bd-metacats,\n\t.bd-meta-data-box .bd-metacomments,\n\t.bd-meta-data-box .bd-metacomments span,\n\t.bdp_blog_template .date i, .bdp_blog_template .author i, .bdp_blog_template .comment i,\n\t.bd-tags a,\n\tspan.bd-category-link a,\n\t.bd-metadatabox p,\n\tspan .bd-link-label,\n\t.bdp_blog_template .blog_footer span,\n\t.bd-metacomments i,\n\t.date_wrap i,\n\t.bdp_blog_template a,\n\t.bdp_blog_template .post_content,\n\t.bd-categories i,\n\t.bdp_blog_template.spektrum .post-bottom .post-by,\n\t.bdp_blog_template.spektrum .post-bottom .bd-tags,\n\t.bd-metadatabox,\n\t.bdp_blog_template.news .bd-blog-header .bd-metadatabox a,\n\t.bdp_blog_template.news .post-content-div .post_cat_tag > span i,\n\t.bdp_blog_template .bd-meta-data-box .bd-metadate, .bdp_blog_template .bd-meta-data-box .bd-metauser, .bdp_blog_template .bd-meta-data-box .bd-metacats,\n\t.bd-meta-data-box .bd-metacats a,\n\t.bd-meta-data-box .bd-metacomments a,\n\t.bdp_blog_template.box-template .bd-tags,\n\t.bdp_blog_template .datetime,\n\t.bdp_blog_template .link-lable,\n\t.bdp_blog_template .post-date\n\t.bdp_blog_template .bd_ad_container p, .blog_template .bd_ad_container, .bdp_blog_template .post-date, .bdp_blog_template .post-comment span {\n\t\tfont-size:14px;\t}\n\t.bdp_blog_template .date,\n\t.bdp_blog_template .comment,\n\t.bdp_blog_template .author .bd-icon-author,\n\t.bdp_blog_template .author,\n\t.bdp_blog_template.news .post-content-div .post_cat_tag > span i ,\n\t.bdp_blog_template .post-by,\n\t.bdp_blog_template .bd-categories i,\n\t.bdp_blog_template .bd-metacats i,\n\t.bdp_blog_template .category-link i,\n\t.bdp_blog_template .bd-tags i,\n\t.bdp_blog_template .bd-metacomments,\n\t.bdp_blog_template .date_wrap i,\n\t.bdp_blog_template .post-date,\n\t.bdp_blog_template .link-lable,\n\t.bdp_blog_template .datetime,\n\t.bdp_blog_template.glossary .post-author span,\n\t.bdp_blog_template .post_content-inner p,\n\t.bdp_blog_template .post_content,\n\t.bdp_blog_template .tags i {\n\t\tcolor:#999999;\t}\n\t.bdp_blog_template .bd-meta-data-box {\n\t\tcolor:#999999;\t}\n\t\t\t.bd-metadatabox {\n\t\t\tcolor:#999999;\t\t}\n\t\t.bd-link-label {\n\t\tcolor:#999999;\t}\n\t.bdp_blog_template a.bd-more-tag {\n\t\tbackground-color: #2e93ea!important;\t\tcolor: #cecece!important;\t}\n\t\t\t.bdp_blog_template a.bd-more-tag:hover {\n\t\t\tbackground-color: #cecece!important;\t\t\tcolor: #2e93ea!important;\t\t}\n\t\t.bdp_blog_template i {\n\t\tfont-style: normal !important;\n\t}\n\t\t\t.bd-tags,\n\t\tspan.bd-category-link,\n\t\t.bdp_blog_template .bd-categories,\n\t\t.bd-meta-data-box .bd-metacats,\n\t\t.bd-meta-data-box .bd-metacats a,\n\t\t.bd-meta-data-box .bd-metacomments a,\n\t\t.bdp_blog_template .bd-categories a,\n\t\t.bd-post-content a,\n\t\t.bd-tags a,\n\t\tspan.bd-category-link a,\n\t\t.bdp_blog_template .tags,\n\t\t.bdp_blog_template a {\n\t\t\tcolor:#2a97ea !important;\n\t\t\tfont-weight: normal !important;\n\t\t}\n\t\t\t\t.bd-meta-data-box .bd-metacats a:hover,\n\t\t.bd-meta-data-box .bd-metacomments a:hover,\n\t\t.bdp_blog_template .bd-categories a:hover,\n\t\t.spektrum .post-bottom .bd-categories a:hover,\n\t\t.bd-post-content a:hover,\n\t\t.bd-tags a:hover,\n\t\tspan.bd-category-link a:hover,\n\t\t.bdp_blog_template a:hover,\n\t\t.bd-post-content a:hover {\n\t\t\tcolor:#999999 !important;\n\t\t}\n\t\t\t\t.bdp_blog_template.evolution,\n\t\t.bdp_blog_template.lightbreeze {\n\t\t\tbackground: #2e6480;\n\t\t}\n\t\t\t\t.bdp_blog_template.evolution:hover,\n\t\t.bdp_blog_template.lightbreeze:hover {\n\t\t\tbackground: #eef1f2;\n\t\t}\n\t\t\t\/**\n\t * 4.0 - Classical Template\n\t *\/\n\t.bdp_blog_template.classical .bd-blog-header .bd-tags {\n\t\tcolor: #2a97ea;\t}\n\t\/**\n\t * 5.0 - Light Breeze Template\n\t *\/\n\t\/**\n\t * 6.0 - Spektrum Template\n\t *\/\n\t.bdp_blog_template.spektrum .bd-blog-header {\n\t\tbackground:#ffffff;\t}\n\t\t\t.spektrum .date {\n\t\t\tbackground-color: #222222;\n\t\t}\n\t\t\t\t.spektrum .post-bottom .bd-categories a {\n\t\t\tcolor: #2a97ea;\n\t\t}\n\t\t\t\t.spektrum .details a {\n\t\t\tcolor :#cecece !important;\n\t\t\tfont-size:14px;\t\t}\n\t\t\t\t.spektrum .details a:hover {\n\t\t\tcolor :#2e93ea;\n\t\t}\n\t\t\/**\n\t * 7.0 - Evolution Template\n\t *\/\n\t\/**\n\t * 8.0 - Timeline Template\n\t *\/\n\t.timeline_bg_wrap:before {\n\t\tbackground: none repeat scroll 0 0 #2e6480;\n\t}\n\t.bd-datetime, .timeline_year span.year_wrap {\n\t\tbackground: none repeat scroll 0 0 #2e6480;\n\t}\n\t.bdp_blog_template.timeline .post_hentry > p > i {\n\t\tbackground: #2e6480;\t}\n\t.bdp_blog_template.timeline:nth-child(2n+1) .post_content_wrap:before,\n\t.bdp_blog_template.timeline:nth-child(2n+1) .post_content_wrap:after {\n\t\tborder-left: 8px solid #2e6480;\n\t}\n\t.rtl .bdp_blog_template.timeline:nth-child(2n+1) .post_content_wrap:before,\n\t.rtl .bdp_blog_template.timeline:nth-child(2n+1) .post_content_wrap:after {\n\t\tborder-right: 8px solid #2e6480;\n\t}\n\t.bdp_blog_template.timeline:nth-child(2n) .post_content_wrap:before,\n\t.bdp_blog_template.timeline:nth-child(2n) .post_content_wrap:after {\n\t\tborder-right: 8px solid #2e6480;\n\t}\n\t.rtl .bdp_blog_template.timeline:nth-child(2n) .post_content_wrap:before,\n\t.rtl .bdp_blog_template.timeline:nth-child(2n) .post_content_wrap:after {\n\t\tborder-left: 8px solid #2e6480;\n\t}\n\t.post_content_wrap {\n\t\tborder:1px solid #2e6480;\n\t}\n\t.bdp_blog_template .post_content_wrap .blog_footer {\n\t\tborder-top: 1px solid #2e6480 ;\n\t}\n\t.bdp_blog_template .post-icon {\n\t\tbackground:#ffffff;\t}\n\t.bdp_blog_template.timeline .desc h3 a{\n\t\tcolor: #222222 !important;\t\tbackground:#ffffff !important;\t\tfont-size: 30px;\t}\n\n\t\/*media query*\/\n\t@media screen and (max-width: 991px) {\n\t\t.bdp_blog_template.timeline:nth-child(2n+1) .post_content_wrap:before,\n\t\t.bdp_blog_template.timeline:nth-child(2n+1) .post_content_wrap:after {\n\t\t\tborder-right: 8px solid #2e6480;\n\t\t}\n\t}\n\t\/**\n\t * 9.0 - News Template\n\t *\/\n\t\t\t.bdp_blog_template.news .bd-blog-header h2.title a{\n\t\t\tcolor: #222222;\t\t\tfont-size: 30px;\t\t}\n\t\t\/* .blog_template.boxy-clean .blog_header h2, *\/\n\t.bdp_blog_template.news .bd-blog-header h2.title{\n\t\tbackground: #ffffff\t}\n\t.bdp_blog_template.news {\n\t\tbackground-color: #2e6480\t}\n\t.bdp_blog_template.news a.bd-more-tag{\n\t\tfloat: right !important;\n\t}\n\t.blog_template.boxy-clean ul li:hover,\n\t.blog_template.boxy-clean ul li:hover .blog_header h2 {\n\t\tbackground: #eef1f2;\n\t}\n\t.glossary .post_content-inner {\n\t\tborder-color: #2e6480;\t}\n\t.blog_template.boxy-clean .blog_wrap.bdp_blog_template .author {\n\t\tbackground: #2e6480;\t}\n\t\/** 10.0 - Sallet Template *\/\n\t.bdp_blog_template.sallet_slider .blog_header > div > div > div {\n\t\tbackground: #ffffff;\t}\n\t.bdp_blog_template.sallet_slider .blog_header > div > div > div::before {\n\t\tbackground: #2e6480 none repeat scroll 0 0;\t}\n\t.bdp_blog_template.sallet_slider.right {\n\t\tbackground: #2e6480 ;\t}\n\t.blog_template.sallet_slider .category-link a {\n\t\tbackground: #2e6480 ;\t\tcolor: #fff !important;\n\t}\n\t\/** 11.0 - Media Grid Template *\/\n\t.bdp_blog_template.media-grid .blog_header h2 a {\n\t\tbackground: #ffffff\t}\n\t.bdp_blog_template.media-grid .bd-metacats {\n\t\tbackground: #2e6480\t}\n\n\t.bdp_blog_template.media-grid .bd-metacats:hover{\n\t\tbackground: #eef1f2\t}\n\n\t.bdp_blog_template.media-grid .post-meta .postdate {\n\t\tfont-size: 14px\t}\n\t\/** 12.0 - Crayon Slider Template *\/\n\t\t\t\/** 13.0 - Blog Carousel Template *\/\n\tli.blog_template.bdp_blog_template.blog_carousel {\n\t\tbackground: #2e6480\t}\n\t.blog_template.blog_carousel .blog_header:hover {\n\tbackground: #eef1f2\t}\n\t\/** 14.0 - Blog-Grid-Box Template *\/\n\t.blog_template.blog-grid-box .bd-more-next-line a {\n\t\tbackground: #2e93ea;\t\tcolor: #cecece\t}\n\t.blog_template.blog-grid-box .post-comment a,\n\t.blog_template.blog-grid-box .mauthor .author a,\n\t.blog_template.blog-grid-box .bd-metacats a,\n\t.blog_template.blog-grid-box .mdate a {\n\t\tcolor: #2a97ea\t}\n\t.blog_template.blog-grid-box .post-comment a:hover,\n\t.blog_template.blog-grid-box .mauthor .author a:hover,\n\t.blog_template.blog-grid-box .bd-metacats a:hover,\n\t.blog_template.blog-grid-box .mdate a:hover {\n\t\tcolor: #999999\t}\n\t.blog_template.blog-grid-box .post_title a {\n\t\tcolor: #222222;background: #ffffff;font-size: 30px\t}\n\t.blog_template.blog-grid-box .post_content {\n\t\tcolor: #999999;font-size: 14px\t}\n\t.blog_template.blog-grid-box {\n\t\tbackground: #2e6480\t}\n\n\t\/** 15.0 - Ticker Template *\/\n\t#blog-ticker-style-1 {\n\t\tborder-color: #2e6480\t}\n\t#blog-ticker-style-1 .ticker-title {\n\t\tbackground-color: #2e6480\t}\n\t#blog-ticker-style-1 .ticker-style-title {\n\t\t\t}\n\t#blog-ticker-style-1 .ticker-title>span {\n\t\tborder-color: transparent transparent transparent#2e6480\t}\n\t#blog-ticker-style-1 .blog-tickers a:hover {\n\t\tcolor: #2e6480\t}\n\t#blog-ticker-style-1 .blog-tickers a {\n\t\tcolor: #222222\t}\n\t<\/style>\n<div class=\"bdp_wrapper\">\t\t<div class=\"blog_template bdp_blog_template classical\">\n\t\t\t\t\t\t<div class=\"bd-blog-header\">\n\t\t\t\t<h2><a href=\"https:\/\/osmanaykutozalp.com\/index.php\/2024\/05\/13\/basariya-giden-yolda-kendinizi-kesfedin-kisisel-gelisim-ve-yolculuk\/\"><span>Ba\u015far\u0131ya Giden Yolda Kendinizi Ke\u015ffedin: Ki\u015fisel Geli\u015fim ve Yolculuk<\/span><\/a><\/h2>\n\t\t\t\t\t\t\t\t\t<div class=\"bd-metadatabox\"><div class=\"bd-meta-datas\" style=\"display:inline-block;\">\n\t\t\t\t\t\t\tPosted by \t\t\t\t\t\t\t\t<a href=\"https:\/\/osmanaykutozalp.com\/index.php\/author\/osmanaykut24\/\"><span>admin<\/span><\/a>&nbsp;on&nbsp;\n\t\t\t\t\t\t\t\tMay\u0131s 13, 2024\t\t\t\t\t\t<\/div>\n\t\t\t\t\t\t\t\t\t\t\t\t\t<div class=\"bd-metacomments\">\n\t\t\t\t\t\t\t\t<i class=\"fas fa-comment\"><\/i><a href=\"https:\/\/osmanaykutozalp.com\/index.php\/2024\/05\/13\/basariya-giden-yolda-kendinizi-kesfedin-kisisel-gelisim-ve-yolculuk\/#respond\">0<\/a>\t\t\t\t\t\t\t<\/div>\n\t\t\t\t\t\t\t\t\t\t\t\t<\/div>\n\t\t\t\t\t\t\t\t\t\t<div><span class=\"bd-category-link\">\n\t\t\t\t\t\t\t<span class=\"bd-link-label\"><i class=\"fas fa-folder-open\"><\/i>Category:&nbsp;<\/span><a href=\"https:\/\/osmanaykutozalp.com\/index.php\/category\/kisisel-gelisim-ve-egitim\/\" rel=\"category tag\">Ki\u015fisel Geli\u015fim Ve E\u011fitim<\/a>\t\t\t\t\t\t<\/span><\/div>\n\t\t\t\t\t\t\t\t<\/div>\n\t\t\t<div class=\"bd-post-content\">\n\t\t\t\tHayat, bir yolculuktur ve bu yolculukta ki\u015fisel geli\u015fim ko\u00e7lar\u0131, size yol g\u00f6stermek ve potansiyelinizi ke\u015ffetmenize yard\u0131mc\u0131 olmak i\u00e7in harika birer k\u0131lavuz olabilirler. Kendinizi tan\u0131ma ve geli\u015ftirme s\u00fcreci, ki\u015fisel ba\u015far\u0131n\u0131z\u0131 ve memnuniyetinizi art\u0131rman\u0131n anahtar\u0131d\u0131r. \u0130\u015fte ba\u015far\u0131ya giden yolda kendinizi ke\u015ffetmenize yard\u0131mc\u0131 olacak baz\u0131 ipu\u00e7lar\u0131: 1. Hedef Belirleyin: Ba\u015far\u0131l\u0131 bir ki\u015fisel geli\u015fim\t\t\t\t\t\t\t<\/div>\n\t\t\t<div class=\"bd-post-footer\">\n\t\t\t\t\t\t\t\t\t<div class=\"social-component\">\n\t\t\t\t\t\t\t\t\t\t\t\t\t<a data-share=\"facebook\" data-href=\"https:\/\/www.facebook.com\/sharer\/sharer.php\" data-url=\"https:\/\/osmanaykutozalp.com\/index.php\/2024\/05\/13\/basariya-giden-yolda-kendinizi-kesfedin-kisisel-gelisim-ve-yolculuk\/\" class=\"bd-facebook-share bd-social-share\"><i class=\"fab fa-facebook-f\"><\/i><\/a>\n\t\t\t\t\t\t\t\t\t\t\t\t\t\t\t\t\t\t\t<a data-share=\"twitter\" data-href=\"https:\/\/twitter.com\/share\" data-text=\"Ba\u015far\u0131ya Giden Yolda Kendinizi Ke\u015ffedin: Ki\u015fisel Geli\u015fim ve Yolculuk\" data-url=\"https:\/\/osmanaykutozalp.com\/index.php\/2024\/05\/13\/basariya-giden-yolda-kendinizi-kesfedin-kisisel-gelisim-ve-yolculuk\/\" class=\"bd-twitter-share bd-social-share\"><i class=\"fab fa-x-twitter\"><\/i><\/a>\n\t\t\t\t\t\t\t\t\t\t\t\t\t\t\t\t\t\t\t<a data-share=\"linkedin\" data-href=\"https:\/\/www.linkedin.com\/shareArticle\" data-url=\"https:\/\/osmanaykutozalp.com\/index.php\/2024\/05\/13\/basariya-giden-yolda-kendinizi-kesfedin-kisisel-gelisim-ve-yolculuk\/\" class=\"bd-linkedin-share bd-social-share\"><i class=\"fab fa-linkedin-in\"><\/i><\/a>\n\t\t\t\t\t\t\t\t\t\t\t\t\t\t\t\t\t\t\t<a data-share=\"pinterest\" data-href=\"https:\/\/pinterest.com\/pin\/create\/button\/\" data-url=\"https:\/\/osmanaykutozalp.com\/index.php\/2024\/05\/13\/basariya-giden-yolda-kendinizi-kesfedin-kisisel-gelisim-ve-yolculuk\/\" data-mdia=\"\" data-description=\"Ba\u015far\u0131ya Giden Yolda Kendinizi Ke\u015ffedin: Ki\u015fisel Geli\u015fim ve Yolculuk\" class=\"bd-pinterest-share bd-social-share\"> <i class=\"fab fa-pinterest-p\"><\/i><\/a>\n\t\t\t\t\t\t\t\t\t\t\t<\/div>\n\t\t\t\t\t\t\t\t<a class=\"bd-more-tag\" href=\"https:\/\/osmanaykutozalp.com\/index.php\/2024\/05\/13\/basariya-giden-yolda-kendinizi-kesfedin-kisisel-gelisim-ve-yolculuk\/\">Devam\u0131n\u0131 Oku... <\/a>\t\t\t<\/div><\/div>\n\t\t\t\t<div class=\"blog_template bdp_blog_template classical\">\n\t\t\t\t\t\t<div class=\"bd-blog-header\">\n\t\t\t\t<h2><a href=\"https:\/\/osmanaykutozalp.com\/index.php\/2024\/04\/07\/ogretmenler-ile-insan-tanima-egitimi\/\"><span>\u00d6\u011fretmenler ile insan tan\u0131ma e\u011fitimi<\/span><\/a><\/h2>\n\t\t\t\t\t\t\t\t\t<div class=\"bd-metadatabox\"><div class=\"bd-meta-datas\" style=\"display:inline-block;\">\n\t\t\t\t\t\t\tPosted by \t\t\t\t\t\t\t\t<a href=\"https:\/\/osmanaykutozalp.com\/index.php\/author\/osmanaykut24\/\"><span>admin<\/span><\/a>&nbsp;on&nbsp;\n\t\t\t\t\t\t\t\tNisan 7, 2024\t\t\t\t\t\t<\/div>\n\t\t\t\t\t\t\t\t\t\t\t\t\t<div class=\"bd-metacomments\">\n\t\t\t\t\t\t\t\t<i class=\"fas fa-comment\"><\/i><a href=\"https:\/\/osmanaykutozalp.com\/index.php\/2024\/04\/07\/ogretmenler-ile-insan-tanima-egitimi\/#comments\">1<\/a>\t\t\t\t\t\t\t<\/div>\n\t\t\t\t\t\t\t\t\t\t\t\t<\/div>\n\t\t\t\t\t\t\t\t\t\t<div><span class=\"bd-category-link\">\n\t\t\t\t\t\t\t<span class=\"bd-link-label\"><i class=\"fas fa-folder-open\"><\/i>Category:&nbsp;<\/span><a href=\"https:\/\/osmanaykutozalp.com\/index.php\/category\/kisisel-gelisim-ve-egitim\/\" rel=\"category tag\">Ki\u015fisel Geli\u015fim Ve E\u011fitim<\/a>\t\t\t\t\t\t<\/span><\/div>\n\t\t\t\t\t\t\t\t<\/div>\n\t\t\t<div class=\"bd-post-content\">\n\t\t\t\t\u0130nsan Tan\u0131ma Sanat\u0131 E\u011fitimi,\u00a0bireyleri zihinsel derinli\u011fe ta\u015f\u0131yarak, insanlar\u0131 daha iyi anlama ve anla\u015f\u0131lma yetene\u011fini art\u0131r\u0131r. Bu e\u011fitim, bireyleri daha bilin\u00e7li, empatik ve etkili ileti\u015fim kurabilen bireyler haline getirir, hem ki\u015fisel hem de profesyonel ba\u015far\u0131ya giden yolda bir k\u0131lavuz rol\u00fc \u00fcstlenir.\t\t\t\t\t\t\t<\/div>\n\t\t\t<div class=\"bd-post-footer\">\n\t\t\t\t\t\t\t\t\t<div class=\"social-component\">\n\t\t\t\t\t\t\t\t\t\t\t\t\t<a data-share=\"facebook\" data-href=\"https:\/\/www.facebook.com\/sharer\/sharer.php\" data-url=\"https:\/\/osmanaykutozalp.com\/index.php\/2024\/04\/07\/ogretmenler-ile-insan-tanima-egitimi\/\" class=\"bd-facebook-share bd-social-share\"><i class=\"fab fa-facebook-f\"><\/i><\/a>\n\t\t\t\t\t\t\t\t\t\t\t\t\t\t\t\t\t\t\t<a data-share=\"twitter\" data-href=\"https:\/\/twitter.com\/share\" data-text=\"\u00d6\u011fretmenler ile insan tan\u0131ma e\u011fitimi\" data-url=\"https:\/\/osmanaykutozalp.com\/index.php\/2024\/04\/07\/ogretmenler-ile-insan-tanima-egitimi\/\" class=\"bd-twitter-share bd-social-share\"><i class=\"fab fa-x-twitter\"><\/i><\/a>\n\t\t\t\t\t\t\t\t\t\t\t\t\t\t\t\t\t\t\t<a data-share=\"linkedin\" data-href=\"https:\/\/www.linkedin.com\/shareArticle\" data-url=\"https:\/\/osmanaykutozalp.com\/index.php\/2024\/04\/07\/ogretmenler-ile-insan-tanima-egitimi\/\" class=\"bd-linkedin-share bd-social-share\"><i class=\"fab fa-linkedin-in\"><\/i><\/a>\n\t\t\t\t\t\t\t\t\t\t\t\t\t\t\t\t\t\t\t<a data-share=\"pinterest\" data-href=\"https:\/\/pinterest.com\/pin\/create\/button\/\" data-url=\"https:\/\/osmanaykutozalp.com\/index.php\/2024\/04\/07\/ogretmenler-ile-insan-tanima-egitimi\/\" data-mdia=\"\" data-description=\"\u00d6\u011fretmenler ile insan tan\u0131ma e\u011fitimi\" class=\"bd-pinterest-share bd-social-share\"> <i class=\"fab fa-pinterest-p\"><\/i><\/a>\n\t\t\t\t\t\t\t\t\t\t\t<\/div>\n\t\t\t\t\t\t\t\t<a class=\"bd-more-tag\" href=\"https:\/\/osmanaykutozalp.com\/index.php\/2024\/04\/07\/ogretmenler-ile-insan-tanima-egitimi\/\">Devam\u0131n\u0131 Oku... <\/a>\t\t\t<\/div><\/div>\n\t\t<div class=\"wl_pagination_box bd_pagination_box  classical\"><\/div><\/div>\n","protected":false},"excerpt":{"rendered":"","protected":false},"author":1,"featured_media":0,"parent":0,"menu_order":0,"comment_status":"closed","ping_status":"closed","template":"page-templates\/page_fullwidth.php","meta":{"footnotes":""},"class_list":["post-1757","page","type-page","status-publish","hentry"],"_links":{"self":[{"href":"https:\/\/osmanaykutozalp.com\/index.php\/wp-json\/wp\/v2\/pages\/1757","targetHints":{"allow":["GET"]}}],"collection":[{"href":"https:\/\/osmanaykutozalp.com\/index.php\/wp-json\/wp\/v2\/pages"}],"about":[{"href":"https:\/\/osmanaykutozalp.com\/index.php\/wp-json\/wp\/v2\/types\/page"}],"author":[{"embeddable":true,"href":"https:\/\/osmanaykutozalp.com\/index.php\/wp-json\/wp\/v2\/users\/1"}],"replies":[{"embeddable":true,"href":"https:\/\/osmanaykutozalp.com\/index.php\/wp-json\/wp\/v2\/comments?post=1757"}],"version-history":[{"count":2,"href":"https:\/\/osmanaykutozalp.com\/index.php\/wp-json\/wp\/v2\/pages\/1757\/revisions"}],"predecessor-version":[{"id":1759,"href":"https:\/\/osmanaykutozalp.com\/index.php\/wp-json\/wp\/v2\/pages\/1757\/revisions\/1759"}],"wp:attachment":[{"href":"https:\/\/osmanaykutozalp.com\/index.php\/wp-json\/wp\/v2\/media?parent=1757"}],"curies":[{"name":"wp","href":"https:\/\/api.w.org\/{rel}","templated":true}]}}